{"id":115,"date":"2014-03-10T23:27:29","date_gmt":"2014-03-10T21:27:29","guid":{"rendered":"http:\/\/www.vas-vtp.fi\/sv\/fi\/?page_id=115"},"modified":"2024-04-06T12:12:22","modified_gmt":"2024-04-06T09:12:22","slug":"seuran-saannot","status":"publish","type":"page","link":"https:\/\/www.vas-vtp.fi\/sv\/fi\/?page_id=115","title":{"rendered":"S\u00c4\u00c4NN\u00d6T"},"content":{"rendered":"<p>1. Yhdistyksen nimi, kotipaikka ja kieli<\/p>\n<p style=\"padding-left: 30px;\">1\u00a7<br \/>\nYhdistyksen nimi on Vasa Arbetares Segels\u00e4llskap &#8211; Vaasan Ty\u00f6v\u00e4en Purjehdusseura rf ja sen kotipaikka on Vaasan kaupunki. Yhdistyksest\u00e4 k\u00e4ytet\u00e4\u00e4n n\u00e4iss\u00e4 s\u00e4\u00e4nn\u00f6iss\u00e4 nimityst\u00e4 seura. Seuran viralliset kielet ovat ruotsi ja suomi, rekister\u00f6inti kieli on suomi. Ep\u00e4virallisissa yhteyksiss\u00e4 voidaan seurasta k\u00e4ytt\u00e4\u00e4 lyhemp\u00e4\u00e4 nime\u00e4, ruotsiksi Vasa Arbetares Segels\u00e4llskap ja suomeksi Vaasan Ty\u00f6v\u00e4en Purjehdusseura tai lyhennett\u00e4 VAS-VTP.<br \/>\nSeura kuuluu j\u00e4senseurana veneilyalan etuj\u00e4rjest\u00f6\u00f6n Suomen Purjehdus ja Veneily ry yhdistykseen.<\/p>\n<p>2. Yhdistyksen tarkoitus ja toiminta<\/p>\n<p style=\"padding-left: 30px;\">2\u00a7<br \/>\nYhdistyksen tarkoituksena on her\u00e4tt\u00e4\u00e4 ja yll\u00e4pit\u00e4\u00e4 j\u00e4sentens\u00e4 kiinnostusta veneilyharrastukseen, merimiestaitoon, vesill\u00e4 liikkumisen turvallisuuteen ja ymp\u00e4rist\u00f6nsuojeluun, kehitt\u00e4\u00e4 j\u00e4sentens\u00e4 purje- ja moottoriveneiden k\u00e4ytt\u00f6\u00f6n ja hoitoon liittyv\u00e4\u00e4 tietoa ja taitoa sek\u00e4 tarjota j\u00e4senilleen venepaikkoja sek\u00e4 veneiden ja niihin liittyvien varusteiden s\u00e4ilytys- ja huoltomahdollisuuksia.<br \/>\nTarkoituksensa toteuttamiseksi seura voi j\u00e4rjest\u00e4\u00e4 opetustilaisuuksia, harjoituksia, kilpailuja ja muita vastaavia tapahtumia sek\u00e4 osallistua n\u00e4yt\u00f6ksiin, messuille tai vastaaviin tilaisuuksiin. Seura voi rakentaa ja yll\u00e4pit\u00e4\u00e4 kerhotiloja, s\u00e4ilytystiloja sek\u00e4 satama- ja laiturirakenteita.<br \/>\nToimintansa rahoittamiseksi seura perii j\u00e4senilt\u00e4\u00e4n liittymis-, j\u00e4sen-, venepaikka- ja muita maksuja sek\u00e4 vuokraa omistamiansa tiloja yksityisille ja yhteis\u00f6ille erilaisiin juhla- tai kokoontumistarkoituksiin. Seura voi my\u00f6s vuokrata osan hallitsemastaan satama-alueesta ulkopuoliselle yritykselle polttoaine-, venetarvike- tai vastaavan tavaran myynti\u00e4 varten. Seura voi ottaa vastaan raha-avustuksia, lahjoituksia ja testamentteja, tarpeellisin luvin j\u00e4rjest\u00e4\u00e4 rahanker\u00e4yksi\u00e4 ja arpajaisia, omistaa kiinteist\u00f6j\u00e4 sek\u00e4 omistaa, ostaa ja myyd\u00e4 osakkeita ja muita arvopapereita.<br \/>\nSeuran tilikausi on kalenterivuosi.<\/p>\n<p>3. Seuran j\u00e4senet<\/p>\n<p style=\"padding-left: 30px;\">3\u00a7<br \/>\nSeuran j\u00e4seneksi hallitus voi hyv\u00e4ksy\u00e4 kirjallisen hakemuksen perusteella henkil\u00f6n tai oikeustoimikelpoisen yhteis\u00f6n, joka sitoutuu suorittamaan liitymis- ja j\u00e4senmaksut ja hyv\u00e4ksym\u00e4\u00e4n seuran s\u00e4\u00e4nn\u00f6t.<br \/>\nJ\u00e4senanomuksessa on mainittava hakijan t\u00e4ydellinen nimi, syntym\u00e4aika, yhteystiedot, kuten osoite, puhelinnumero, s\u00e4hk\u00f6postiosoite, jotka merkit\u00e4\u00e4n j\u00e4senluetteloon.<br \/>\nSeuran j\u00e4seni\u00e4 ovat varsinaiset j\u00e4senet, kunniaj\u00e4senet, ainaisj\u00e4senet ja kannattajaj\u00e4senet.<br \/>\nVarsinainen j\u00e4sen maksaa vuosittaisen j\u00e4senmaksun.<br \/>\nKunniaj\u00e4seneksi hallitus voi esitt\u00e4\u00e4 seuran kokouksen hyv\u00e4ksytt\u00e4v\u00e4ksi henkil\u00f6n, joka on pitk\u00e4\u00e4n toiminut eritt\u00e4in ansiokkaasti seuran hyv\u00e4ksi. Kunniaj\u00e4sen on vapautettu j\u00e4senmaksusta, mutta s\u00e4ilytt\u00e4\u00e4 j\u00e4senoikeutensa.<br \/>\nSeuralla voi olla ainaisj\u00e4seni\u00e4 joille on my\u00f6nnetty ainaisj\u00e4senyys aikaisempien s\u00e4\u00e4nt\u00f6jen mukaisesti niiden viel\u00e4 ollessa voimassa. Ainaisj\u00e4sen on vapautettu j\u00e4senmaksusta, mutta s\u00e4ilytt\u00e4\u00e4 j\u00e4senoikeutensa. Uusia ainaisj\u00e4senyyksi\u00e4 ei en\u00e4\u00e4 my\u00f6nnet\u00e4.<br \/>\nKannattajaj\u00e4sen maksaa v\u00e4hint\u00e4\u00e4n kunakin vuotena p\u00e4\u00e4tetyn kannattajaj\u00e4senmaksun.<\/p>\n<p style=\"padding-left: 30px;\">\u00a74<br \/>\nHallitus esitt\u00e4\u00e4 seuran kokoukselle hyv\u00e4ksytt\u00e4v\u00e4ksi kunniamerkkien s\u00e4\u00e4nn\u00f6t.<\/p>\n<p style=\"padding-left: 30px;\">5\u00a7<br \/>\nHallitus voi erottaa j\u00e4senen tai j\u00e4sen voi erota yhdistyksest\u00e4 kun:<br \/>\n1. j\u00e4senen kirjallinen ja p\u00e4iv\u00e4tty eroilmoitus on hallituksessa k\u00e4sitelty. Hallituksen on k\u00e4sitelt\u00e4v\u00e4 eroilmoitus viimeist\u00e4\u00e4n kuukauden kuluttua eroilmoituksen saapumisesta.<br \/>\n2. hallitus on todennut, ett\u00e4 j\u00e4sen on j\u00e4tt\u00e4nyt maksamatta edellisen ja kuluvan vuoden vuosij\u00e4senmaksunsa.<br \/>\n3. hallitus on todennut, ett\u00e4 j\u00e4sen on muuten j\u00e4tt\u00e4nyt t\u00e4ytt\u00e4m\u00e4tt\u00e4 ne velvoitteet, joihin h\u00e4n on seuraan liittym\u00e4ll\u00e4 sitoutunut tai on menettelyll\u00e4\u00e4n seurassa tai sen ulkopuolella huomattavasti vahingoittanut seuraa tai ei en\u00e4\u00e4 t\u00e4yt\u00e4 laissa taikka seuran s\u00e4\u00e4nn\u00f6iss\u00e4 mainittuja j\u00e4senyyden ehtoja.<br \/>\nJ\u00e4senell\u00e4 on oikeus saattaa erottaminen kahden kuukauden kuluessa yhdistyksen kokouksen ratkaistavaksi.<br \/>\nMaksettuja j\u00e4senmaksuja ei palauteta.<\/p>\n<p style=\"padding-left: 30px;\">6\u00a7<br \/>\nJ\u00e4senell\u00e4 on oikeus:<br \/>\n1. k\u00e4ytt\u00e4\u00e4 seuran tunnuksia niist\u00e4 erikseen s\u00e4\u00e4dettyjen s\u00e4\u00e4nt\u00f6jen mukaisesti.<br \/>\n2. ilmoittaa veneens\u00e4 seuran veneluetteloon ja siten saada k\u00e4ytt\u00f6\u00f6ns\u00e4 venepaikka sellaisen ollessa vapaana. Venepaikoista s\u00e4\u00e4det\u00e4\u00e4n erikseen.<br \/>\n3. hy\u00f6dynt\u00e4\u00e4 seuran katsastus- ja muita palveluita sek\u00e4 k\u00e4ytt\u00e4\u00e4 seuran omaisuutta ja tiloja niist\u00e4 erikseen s\u00e4\u00e4dettyjen s\u00e4\u00e4nt\u00f6jen mukaisesti.<br \/>\n4. edustaa seuraa venekilpailuissa.<\/p>\n<p>4. Seuran hallinto<\/p>\n<p style=\"padding-left: 30px;\">7\u00a7<br \/>\nSeuran toimintaa johtaa ja sen asioita ja taloutta hoitaa hallitus, johon kuuluu kommodori, varakommodori, sihteeri ja taloudenhoitaja sek\u00e4 v\u00e4hint\u00e4\u00e4n kaksi ja enint\u00e4\u00e4n kuusi varsinaista j\u00e4sent\u00e4. Kommodori toimii hallituksen puheenjohtajana ja varakommodori hallituksen varapuheenjohtajana.<br \/>\nHallitus voi keskuudestaan tai ulkopuolelta nimitt\u00e4\u00e4 muita vastuuhenkil\u00f6it\u00e4, kuten satamakapteenin, kalustonhoitajan ja\/tai kiinteist\u00f6nhoitajan. Hallitus voi tarvittaessa asettaa jaostoja tai lautakuntia, kuten naisjaoston, juniorijaoston, katsastuslautakunnan tai kilpailulautakunnan. Hallitus voi tarvittaessa asettaa komiteoita tai ty\u00f6ryhmi\u00e4 hoitamaan erikseen m\u00e4\u00e4riteltyj\u00e4 teht\u00e4vi\u00e4.<\/p>\n<p style=\"padding-left: 30px;\">\u00a78<br \/>\nHallituksen toimikausi on kalenterivuosi. Hallituksen j\u00e4senet seuraavalle toimikaudelle valitaan seuran syyskokouksessa.<\/p>\n<p style=\"padding-left: 30px;\">\u00a79<br \/>\nSeuran hallitus kokoontuu kommodorin tai h\u00e4nen ollessa estynyt, varakommodorin kutsusta. Hallitus on p\u00e4\u00e4t\u00f6svaltainen kun puheenjohtaja mukaan lukien v\u00e4hint\u00e4\u00e4n puolet hallituksen j\u00e4senist\u00e4 on l\u00e4sn\u00e4.<br \/>\nHallituksen p\u00e4\u00e4t\u00f6kset ratkaistaan yksinkertaisella enemmist\u00f6ll\u00e4. \u00c4\u00e4nten menness\u00e4 tasan ratkaisee kokouksen puheenjohtajan \u00e4\u00e4ni.<\/p>\n<p style=\"padding-left: 30px;\">10\u00a7<br \/>\nSeuran nimen kirjoittaa kommodori ja varakommodori yhdess\u00e4 tai jompikumpi heist\u00e4 yhdess\u00e4 sihteerin tai varainhoitajan kanssa. Tarvittaessa hallitus voi oikeuttaa yhden j\u00e4senist\u00e4\u00e4n kirjoittamaan seuran nimen yksin.<\/p>\n<p>5. Seuran kokoukset<\/p>\n<p style=\"padding-left: 30px;\">11\u00a7<br \/>\nSeuralla on vuosittain kaksi varsinaista kokousta. Kev\u00e4tkokous pidet\u00e4\u00e4n 1.2 ja 15.5 v\u00e4lisen\u00e4 aikana ja syyskokous pidet\u00e4\u00e4n 15.10 ja 15.12 v\u00e4lisen\u00e4 aikana, hallituksen m\u00e4\u00e4r\u00e4\u00e4m\u00e4n\u00e4 p\u00e4iv\u00e4n\u00e4. Ylim\u00e4\u00e4r\u00e4inen kokous on kutsuttava koolle kun seuran kokous niin p\u00e4\u00e4tt\u00e4\u00e4, kun hallitus katsoo sen aiheelliseksi tai kun v\u00e4hint\u00e4\u00e4n kymmenesosa seuran \u00e4\u00e4nioikeutetuista j\u00e4senist\u00e4 sen hallitukselta erikseen ilmoitetun asian k\u00e4sittely\u00e4 varten kirjallisesti vaatii. Viimemainitussa tapauksessa kokous on pidett\u00e4v\u00e4 kolmenkymmenen vuorokauden kuluessa siit\u00e4, kun vaatimus on esitetty seuran hallitukselle.<br \/>\nSeuran kokouksessa on jokaisella varsinaisellaj\u00e4senell\u00e4, kunniaj\u00e4senell\u00e4 ja ainaisj\u00e4senell\u00e4 yksi \u00e4\u00e4ni. Valtakirjalla \u00e4\u00e4nest\u00e4minen ei ole sallittu. Kannatusj\u00e4senell\u00e4 on kokouksissa l\u00e4sn\u00e4olo- ja puheoikeus. Kokouksen p\u00e4\u00e4t\u00f6kset ratkaistaan yksinkertaisella \u00e4\u00e4nten enemmist\u00f6ll\u00e4. \u00c4\u00e4nten menness\u00e4 tasan ratkaisee kokouksen puheenjohtajan kanta, vaaleissa kuitenkin arpa.<\/p>\n<p style=\"padding-left: 30px;\">12\u00a7<br \/>\nHallitus kutsuu seuran kokoukset koolle v\u00e4hint\u00e4\u00e4n seitsem\u00e4n vuorokautta ennen kokousta j\u00e4senille postitetulla kirjeell\u00e4 tai ilmoituksella yhdistyksen paikkakunnalla ilmestyv\u00e4ss\u00e4 ruotsin- ja suomenkielisess\u00e4 lehdess\u00e4 tai s\u00e4hk\u00f6postitse.<br \/>\nJos seuran j\u00e4sen haluaa jonkun erityisen asian seuran kev\u00e4t- tai syyskokouksen k\u00e4sitelt\u00e4v\u00e4ksi, on h\u00e4nen ilmoitettava siit\u00e4 kirjallisesti hallitukselle hyviss\u00e4 ajoin, ett\u00e4 asia voidaan mainita kokouskutsussa.<\/p>\n<p style=\"padding-left: 30px;\">13\u00a7<br \/>\nSeuran kev\u00e4tkokouksessa k\u00e4sitell\u00e4\u00e4n seuraavat asiat:<br \/>\n1. Kokouksen avaus.<br \/>\n2. Kokouksen puheenjohtajan ja sihteerin sek\u00e4 kahden p\u00f6yt\u00e4kirjan tarkastajan ja tarvittaessa kahden \u00e4\u00e4ntenlaskijan valinta.<br \/>\n3. Kokouksen laillisuuden ja p\u00e4\u00e4t\u00f6svaltaisuuden toteaminen.<br \/>\n4. Kokouksen ty\u00f6j\u00e4rjestyksen hyv\u00e4ksyminen.<br \/>\n5. Edellisen toimintavuoden tilinp\u00e4\u00e4t\u00f6ksen, toimintakertomuksen ja toiminnantarkastajan\/-tarkastajien lausunnon esitt\u00e4minen.<br \/>\n6. Edellisen toimintavuoden tilinp\u00e4\u00e4t\u00f6ksen vahvistaminen sek\u00e4 hallituksen ja muiden vastuuvelvollisten vastuuvapauden my\u00f6nt\u00e4misest\u00e4 p\u00e4\u00e4tt\u00e4minen.<br \/>\n7. Muiden kokouskutsussa mainittujen asioiden k\u00e4sittely.<br \/>\n8. Ilmoitusasiat ja muut mahdolliset asiat.<br \/>\n9. Kokouksen p\u00e4\u00e4tt\u00e4minen.<\/p>\n<p style=\"padding-left: 30px;\">14\u00a7<br \/>\nSeuran syyskokouksessa k\u00e4sitell\u00e4\u00e4n seuraavat asiat:<br \/>\n1. Kokouksen avaus.<br \/>\n2. Kokouksen puheenjohtajan ja sihteerin sek\u00e4 kahden p\u00f6yt\u00e4kirjan tarkastajan ja tarvittaessa kahden \u00e4\u00e4ntenlaskijan valinta.<br \/>\n3. Kokouksen laillisuuden ja p\u00e4\u00e4t\u00f6svaltaisuuden toteaminen.<br \/>\n4. Kokouksen ty\u00f6j\u00e4rjestyksen hyv\u00e4ksyminen.<br \/>\n5. Seuraavan toimintavuoden toimintasuunnitelman ja tulo- ja menoarvion sek\u00e4 liittymis- ja j\u00e4senmaksujen suuruuden ja maksuajankohdan vahvistaminen.<br \/>\n6. Seuraavan toimintavuoden kommodorin, varakommodorin, sihteerin ja taloudenhoitajan sek\u00e4 hallituksen varsinaisten j\u00e4senten valinta.<br \/>\n7. Seuraavan toimintavuoden yhden tai kahden toiminnantarkastajan sek\u00e4 yhden tai kahden vara toiminnantarkastajan valinta.<br \/>\n8. Muiden kokouskutsussa mainittujen asioiden k\u00e4sittely.<br \/>\n9. Ilmoitusasiat ja muut mahdolliset asiat.<br \/>\n10. Kokouksen p\u00e4\u00e4tt\u00e4minen.<\/p>\n<p>6. S\u00e4\u00e4nt\u00f6jen muuttaminen ja seuran purkaminen<\/p>\n<p style=\"padding-left: 30px;\">15\u00a7<br \/>\nP\u00e4\u00e4t\u00f6s seuran s\u00e4\u00e4nt\u00f6jen muuttamisesta tehd\u00e4\u00e4n kahdessa v\u00e4hint\u00e4\u00e4n kuukauden v\u00e4lein pidett\u00e4v\u00e4ss\u00e4 per\u00e4tt\u00e4isess\u00e4 kokouksessa, joista v\u00e4hint\u00e4\u00e4n toisen on oltava seuran varsinainen kokous. Esitys s\u00e4\u00e4nt\u00f6jen muuttamisesta on mainittava kokouskutsussa. P\u00e4\u00e4t\u00f6s seuran s\u00e4\u00e4nt\u00f6jen muuttamisesta tehd\u00e4\u00e4n kummassakin kokouksessa v\u00e4hint\u00e4\u00e4n kolmen nelj\u00e4sosan enemmist\u00f6ll\u00e4 annetuista \u00e4\u00e4nist\u00e4.<\/p>\n<p style=\"padding-left: 30px;\">16\u00a7<br \/>\nP\u00e4\u00e4t\u00f6s seuran purkamisesta tehd\u00e4\u00e4n kahdessa v\u00e4hint\u00e4\u00e4n kuukauden v\u00e4lein pidett\u00e4v\u00e4ss\u00e4 per\u00e4kk\u00e4isess\u00e4 kokouksessa, joista v\u00e4hint\u00e4\u00e4n toisen on oltava seuran varsinainen kokous. Esitys purkamisesta on mainittava kokouskutsussa. P\u00e4\u00e4t\u00f6s seuran purkamisesta tehd\u00e4\u00e4n v\u00e4hint\u00e4\u00e4n kolmen nelj\u00e4sosan enemmist\u00f6ll\u00e4 annetuista \u00e4\u00e4nist\u00e4.<br \/>\nSeuran purkaantuessa sen omaisuus ja varat luovutetaan yhdelle tai useammalle Vaasan kaupungissa tai Pohjanmaan rannikkoalueella toimivalle veneilyharrastusta, vesill\u00e4 liikkumisen turvallisuutta tai luonnonsuojelua edist\u00e4v\u00e4lle rekister\u00f6idylle yhdistykselle siten kuin seuran viimeisess\u00e4 kokouksessa yksinkertaisella \u00e4\u00e4nten enemmist\u00f6ll\u00e4 p\u00e4\u00e4tet\u00e4\u00e4n. Seuran hyv\u00e4ksi tehtyjen lahjoitusten tai testamenttien kohdalla on lis\u00e4ksi otettava huomioon lahjoittajien tai testamenttien luovuttajien mahdollisesti asettamia ehtoja.<br \/>\nSeuran purkaantuessa kaikki sen hallussa olevat asiakirjat luovutetaan Vaasan Maakunta-arkistolle tai l\u00e4himm\u00e4lle Arkistolaitoksen toimipisteelle.<\/p>\n<p><em>N\u00e4m\u00e4 s\u00e4\u00e4nn\u00f6t on Patentti ja Rekisterihallitus hyv\u00e4ksynyt 14.08.2015ja merkitty yhdistysrekisteriin.<\/em><\/p>\n","protected":false},"excerpt":{"rendered":"<p>1. Yhdistyksen nimi, kotipaikka ja kieli 1\u00a7 Yhdistyksen nimi on Vasa Arbetares Segels\u00e4llskap &#8211; Vaasan Ty\u00f6v\u00e4en Purjehdusseura rf ja sen kotipaikka on Vaasan kaupunki. Yhdistyksest\u00e4 k\u00e4ytet\u00e4\u00e4n n\u00e4iss\u00e4 s\u00e4\u00e4nn\u00f6iss\u00e4 nimityst\u00e4 seura. Seuran viralliset kielet ovat ruotsi ja suomi, rekister\u00f6inti kieli on suomi. Ep\u00e4virallisissa yhteyksiss\u00e4 voidaan seurasta k\u00e4ytt\u00e4\u00e4 lyhemp\u00e4\u00e4 nime\u00e4, ruotsiksi Vasa Arbetares Segels\u00e4llskap ja suomeksi Vaasan [&hellip;]<\/p>\n","protected":false},"author":1,"featured_media":0,"parent":0,"menu_order":0,"comment_status":"closed","ping_status":"closed","template":"","meta":{"footnotes":""},"class_list":["post-115","page","type-page","status-publish","hentry"],"_links":{"self":[{"href":"https:\/\/www.vas-vtp.fi\/sv\/fi\/index.php?rest_route=\/wp\/v2\/pages\/115","targetHints":{"allow":["GET"]}}],"collection":[{"href":"https:\/\/www.vas-vtp.fi\/sv\/fi\/index.php?rest_route=\/wp\/v2\/pages"}],"about":[{"href":"https:\/\/www.vas-vtp.fi\/sv\/fi\/index.php?rest_route=\/wp\/v2\/types\/page"}],"author":[{"embeddable":true,"href":"https:\/\/www.vas-vtp.fi\/sv\/fi\/index.php?rest_route=\/wp\/v2\/users\/1"}],"replies":[{"embeddable":true,"href":"https:\/\/www.vas-vtp.fi\/sv\/fi\/index.php?rest_route=%2Fwp%2Fv2%2Fcomments&post=115"}],"version-history":[{"count":15,"href":"https:\/\/www.vas-vtp.fi\/sv\/fi\/index.php?rest_route=\/wp\/v2\/pages\/115\/revisions"}],"predecessor-version":[{"id":675,"href":"https:\/\/www.vas-vtp.fi\/sv\/fi\/index.php?rest_route=\/wp\/v2\/pages\/115\/revisions\/675"}],"wp:attachment":[{"href":"https:\/\/www.vas-vtp.fi\/sv\/fi\/index.php?rest_route=%2Fwp%2Fv2%2Fmedia&parent=115"}],"curies":[{"name":"wp","href":"https:\/\/api.w.org\/{rel}","templated":true}]}}