{"id":14,"date":"2014-03-07T14:25:40","date_gmt":"2014-03-07T12:25:40","guid":{"rendered":"http:\/\/www.vas-vtp.fi\/sv\/fi\/?page_id=14"},"modified":"2026-01-19T14:43:57","modified_gmt":"2026-01-19T12:43:57","slug":"yhdistyksen-toimihenkilot","status":"publish","type":"page","link":"https:\/\/www.vas-vtp.fi\/sv\/fi\/?page_id=14","title":{"rendered":"Seura"},"content":{"rendered":"<p><a href=\"sv\/fi\/?page_id=38\">Hallitus<\/a><br \/><a href=\"sv\/fi\/?page_id=46\">Muut toimihenkil\u00f6t<\/a><br \/><a href=\"sv\/fi\/?page_id=115\">Seuran s\u00e4nn\u00f6t<\/a><br \/><a href=\"sv\/fi\/?page_id=117\">J\u00e4sen- ja muut maksut<\/a><\/p>\n\n\n<p><\/p>\n","protected":false},"excerpt":{"rendered":"<p>HallitusMuut toimihenkil\u00f6tSeuran s\u00e4nn\u00f6tJ\u00e4sen- ja muut maksut<\/p>\n","protected":false},"author":1,"featured_media":0,"parent":0,"menu_order":0,"comment_status":"closed","ping_status":"closed","template":"","meta":{"footnotes":""},"class_list":["post-14","page","type-page","status-publish","hentry"],"_links":{"self":[{"href":"https:\/\/www.vas-vtp.fi\/sv\/fi\/index.php?rest_route=\/wp\/v2\/pages\/14","targetHints":{"allow":["GET"]}}],"collection":[{"href":"https:\/\/www.vas-vtp.fi\/sv\/fi\/index.php?rest_route=\/wp\/v2\/pages"}],"about":[{"href":"https:\/\/www.vas-vtp.fi\/sv\/fi\/index.php?rest_route=\/wp\/v2\/types\/page"}],"author":[{"embeddable":true,"href":"https:\/\/www.vas-vtp.fi\/sv\/fi\/index.php?rest_route=\/wp\/v2\/users\/1"}],"replies":[{"embeddable":true,"href":"https:\/\/www.vas-vtp.fi\/sv\/fi\/index.php?rest_route=%2Fwp%2Fv2%2Fcomments&post=14"}],"version-history":[{"count":14,"href":"https:\/\/www.vas-vtp.fi\/sv\/fi\/index.php?rest_route=\/wp\/v2\/pages\/14\/revisions"}],"predecessor-version":[{"id":740,"href":"https:\/\/www.vas-vtp.fi\/sv\/fi\/index.php?rest_route=\/wp\/v2\/pages\/14\/revisions\/740"}],"wp:attachment":[{"href":"https:\/\/www.vas-vtp.fi\/sv\/fi\/index.php?rest_route=%2Fwp%2Fv2%2Fmedia&parent=14"}],"curies":[{"name":"wp","href":"https:\/\/api.w.org\/{rel}","templated":true}]}}