{"id":20,"date":"2014-03-07T14:28:36","date_gmt":"2014-03-07T12:28:36","guid":{"rendered":"http:\/\/www.vas-vtp.fi\/sv\/fi\/?page_id=20"},"modified":"2026-01-19T14:48:02","modified_gmt":"2026-01-19T12:48:02","slug":"maja","status":"publish","type":"page","link":"https:\/\/www.vas-vtp.fi\/sv\/fi\/?page_id=20","title":{"rendered":"Maja"},"content":{"rendered":"<p>Seuran maja sijaitsee Palosaaren salmen rannalla. Maja koostuu juhlasalista keitti\u00f6ineen ja ullakosta purjeiden ym. s\u00e4ilytyst\u00e4 varten. Rannan p\u00e4\u00e4dyss\u00e4 on 30 hengen terassi. Juhlasalista l\u00f6ytyy kaksi biljardip\u00f6yt\u00e4\u00e4 jotka ovat j\u00e4senten ahkerassa k\u00e4yt\u00f6ss\u00e4.<\/p>\n<p>Yl\u00e4kerrassa on my\u00f6s huoneisto joka toimii seuran majamestarin asuntona.<\/p>\n<p>Maja on vuokrattavissa yritysten ja yksityisten eri juhlatilaisuuksia varten.<\/p>\n<p>Yksityisyritt\u00e4j\u00e4 pit\u00e4\u00e4 seuran laiturin yhteydess\u00e4 polttoaineasemaa.<\/p>\n\n\n<div class=\"wp-block-columns is-layout-flex wp-container-core-columns-is-layout-9d6595d7 wp-block-columns-is-layout-flex\">\n<div class=\"wp-block-column is-layout-flow wp-block-column-is-layout-flow\">\n<p><a href=\"https:\/\/www.vas-vtp.fi\/sv\/fi\/?page_id=608\" data-type=\"page\" data-id=\"608\">Juhlasali<\/a><\/p>\n<\/div>\n\n\n\n<div class=\"wp-block-column is-layout-flow wp-block-column-is-layout-flow\">\n<p><a href=\"https:\/\/www.vas-vtp.fi\/sv\/fi\/?page_id=131\" data-type=\"page\" data-id=\"131\">Vuokraus<\/a><\/p>\n<\/div>\n\n\n\n<div class=\"wp-block-column is-layout-flow wp-block-column-is-layout-flow\"><\/div>\n<\/div>\n\n\n\n<p><\/p>\n","protected":false},"excerpt":{"rendered":"<p>Seuran maja sijaitsee Palosaaren salmen rannalla. Maja koostuu juhlasalista keitti\u00f6ineen ja ullakosta purjeiden ym. s\u00e4ilytyst\u00e4 varten. Rannan p\u00e4\u00e4dyss\u00e4 on 30 hengen terassi. Juhlasalista l\u00f6ytyy kaksi biljardip\u00f6yt\u00e4\u00e4 jotka ovat j\u00e4senten ahkerassa k\u00e4yt\u00f6ss\u00e4. Yl\u00e4kerrassa on my\u00f6s huoneisto joka toimii seuran majamestarin asuntona. Maja on vuokrattavissa yritysten ja yksityisten eri juhlatilaisuuksia varten. Yksityisyritt\u00e4j\u00e4 pit\u00e4\u00e4 seuran laiturin yhteydess\u00e4 polttoaineasemaa. [&hellip;]<\/p>\n","protected":false},"author":1,"featured_media":0,"parent":0,"menu_order":0,"comment_status":"closed","ping_status":"closed","template":"","meta":{"footnotes":""},"class_list":["post-20","page","type-page","status-publish","hentry"],"_links":{"self":[{"href":"https:\/\/www.vas-vtp.fi\/sv\/fi\/index.php?rest_route=\/wp\/v2\/pages\/20","targetHints":{"allow":["GET"]}}],"collection":[{"href":"https:\/\/www.vas-vtp.fi\/sv\/fi\/index.php?rest_route=\/wp\/v2\/pages"}],"about":[{"href":"https:\/\/www.vas-vtp.fi\/sv\/fi\/index.php?rest_route=\/wp\/v2\/types\/page"}],"author":[{"embeddable":true,"href":"https:\/\/www.vas-vtp.fi\/sv\/fi\/index.php?rest_route=\/wp\/v2\/users\/1"}],"replies":[{"embeddable":true,"href":"https:\/\/www.vas-vtp.fi\/sv\/fi\/index.php?rest_route=%2Fwp%2Fv2%2Fcomments&post=20"}],"version-history":[{"count":6,"href":"https:\/\/www.vas-vtp.fi\/sv\/fi\/index.php?rest_route=\/wp\/v2\/pages\/20\/revisions"}],"predecessor-version":[{"id":741,"href":"https:\/\/www.vas-vtp.fi\/sv\/fi\/index.php?rest_route=\/wp\/v2\/pages\/20\/revisions\/741"}],"wp:attachment":[{"href":"https:\/\/www.vas-vtp.fi\/sv\/fi\/index.php?rest_route=%2Fwp%2Fv2%2Fmedia&parent=20"}],"curies":[{"name":"wp","href":"https:\/\/api.w.org\/{rel}","templated":true}]}}