{"id":38,"date":"2014-03-10T05:52:30","date_gmt":"2014-03-10T03:52:30","guid":{"rendered":"http:\/\/www.vas-vtp.fi\/sv\/fi\/?page_id=38"},"modified":"2026-01-17T13:01:19","modified_gmt":"2026-01-17T11:01:19","slug":"hallitus","status":"publish","type":"page","link":"https:\/\/www.vas-vtp.fi\/sv\/fi\/?page_id=38","title":{"rendered":"Hallitus 2026"},"content":{"rendered":"\n<div class=\"wp-block-columns is-layout-flex wp-container-core-columns-is-layout-9d6595d7 wp-block-columns-is-layout-flex\">\n<div class=\"wp-block-column is-layout-flow wp-block-column-is-layout-flow\" style=\"flex-basis:100%\">\n<figure class=\"wp-block-table\"><table class=\"has-fixed-layout\"><tbody><tr><td>Kommodori<\/td><td>Pertti P\u00f6rsti<\/td><td>0400 283 015<\/td><\/tr><tr><td>Varakommodori<\/td><td>Eino Lahti<\/td><td>0500 292 472<\/td><\/tr><tr><td>Sihteeri<\/td><td>Tiina Salonen<\/td><td>040 835 2689<\/td><\/tr><tr><td>Varainhoitaja<\/td><td>Pekka Muurim\u00e4ki<\/td><td>040 528 7537<\/td><\/tr><tr><td>J\u00e4senet<\/td><td>Jan G\u00e4ddn\u00e4s<br>Antti Kalliola<br>Antti Lehtim\u00e4ki<br>Markku Rappe<br>Tore Regnell<br>Julio Serrano<\/td><td>050 581 2929<br>044 525 6910<br>045 888 0145<br>050 550 8226<br>0400 590 999<br>044 595 8615<\/td><\/tr><\/tbody><\/table><\/figure>\n<\/div>\n<\/div>\n\n\n\n<p><\/p>\n","protected":false},"excerpt":{"rendered":"<p>Kommodori Pertti P\u00f6rsti 0400 283 015 Varakommodori Eino Lahti 0500 292 472 Sihteeri Tiina Salonen 040 835 2689 Varainhoitaja Pekka Muurim\u00e4ki 040 528 7537 J\u00e4senet Jan G\u00e4ddn\u00e4sAntti KalliolaAntti Lehtim\u00e4kiMarkku RappeTore RegnellJulio Serrano 050 581 2929044 525 6910045 888 0145050 550 82260400 590 999044 595 8615<\/p>\n","protected":false},"author":2,"featured_media":0,"parent":0,"menu_order":0,"comment_status":"closed","ping_status":"closed","template":"","meta":{"footnotes":""},"class_list":["post-38","page","type-page","status-publish","hentry"],"_links":{"self":[{"href":"https:\/\/www.vas-vtp.fi\/sv\/fi\/index.php?rest_route=\/wp\/v2\/pages\/38","targetHints":{"allow":["GET"]}}],"collection":[{"href":"https:\/\/www.vas-vtp.fi\/sv\/fi\/index.php?rest_route=\/wp\/v2\/pages"}],"about":[{"href":"https:\/\/www.vas-vtp.fi\/sv\/fi\/index.php?rest_route=\/wp\/v2\/types\/page"}],"author":[{"embeddable":true,"href":"https:\/\/www.vas-vtp.fi\/sv\/fi\/index.php?rest_route=\/wp\/v2\/users\/2"}],"replies":[{"embeddable":true,"href":"https:\/\/www.vas-vtp.fi\/sv\/fi\/index.php?rest_route=%2Fwp%2Fv2%2Fcomments&post=38"}],"version-history":[{"count":21,"href":"https:\/\/www.vas-vtp.fi\/sv\/fi\/index.php?rest_route=\/wp\/v2\/pages\/38\/revisions"}],"predecessor-version":[{"id":731,"href":"https:\/\/www.vas-vtp.fi\/sv\/fi\/index.php?rest_route=\/wp\/v2\/pages\/38\/revisions\/731"}],"wp:attachment":[{"href":"https:\/\/www.vas-vtp.fi\/sv\/fi\/index.php?rest_route=%2Fwp%2Fv2%2Fmedia&parent=38"}],"curies":[{"name":"wp","href":"https:\/\/api.w.org\/{rel}","templated":true}]}}