{"id":46,"date":"2014-03-10T07:21:53","date_gmt":"2014-03-10T05:21:53","guid":{"rendered":"http:\/\/www.vas-vtp.fi\/sv\/fi\/?page_id=46"},"modified":"2026-01-17T10:29:03","modified_gmt":"2026-01-17T08:29:03","slug":"muut-toimihenkilot","status":"publish","type":"page","link":"https:\/\/www.vas-vtp.fi\/sv\/fi\/?page_id=46","title":{"rendered":"Muut toimihenkil\u00f6t"},"content":{"rendered":"\n<figure class=\"wp-block-table\"><table class=\"has-fixed-layout\"><tbody><tr><td>Vene- ja talvis\u00e4ilytyspaikat<\/td><td>Pertti P\u00f6rsti<\/td><td>0400 238 015<\/td><\/tr><tr><td>Majamestari<\/td><td>Bjarne Sj\u00f6berg<\/td><td>050 585 2347<\/td><\/tr><tr><td>Katsastajat<\/td><td>Jan G\u00e4ddn\u00e4s<br>Eino Lahti<\/td><td>050 581 2929<br>050 029 2472<\/td><\/tr><tr><td>Kilpailutoimikunta<\/td><td>B\u00f6rje Harju<br>Tiina Salonen<br>Markku Rappe<\/td><td>0400 260 355<br>040 835 2689<br>050 550 8226<\/td><\/tr><tr><td>Webb-vastaava<\/td><td>B\u00f6rje Harju<\/td><td>0400 260 355<\/td><\/tr><\/tbody><\/table><\/figure>\n\n\n\n<p><\/p>\n","protected":false},"excerpt":{"rendered":"<p>Vene- ja talvis\u00e4ilytyspaikat Pertti P\u00f6rsti 0400 238 015 Majamestari Bjarne Sj\u00f6berg 050 585 2347 Katsastajat Jan G\u00e4ddn\u00e4sEino Lahti 050 581 2929050 029 2472 Kilpailutoimikunta B\u00f6rje HarjuTiina SalonenMarkku Rappe 0400 260 355040 835 2689050 550 8226 Webb-vastaava B\u00f6rje Harju 0400 260 355<\/p>\n","protected":false},"author":2,"featured_media":0,"parent":0,"menu_order":0,"comment_status":"closed","ping_status":"closed","template":"","meta":{"footnotes":""},"class_list":["post-46","page","type-page","status-publish","hentry"],"_links":{"self":[{"href":"https:\/\/www.vas-vtp.fi\/sv\/fi\/index.php?rest_route=\/wp\/v2\/pages\/46","targetHints":{"allow":["GET"]}}],"collection":[{"href":"https:\/\/www.vas-vtp.fi\/sv\/fi\/index.php?rest_route=\/wp\/v2\/pages"}],"about":[{"href":"https:\/\/www.vas-vtp.fi\/sv\/fi\/index.php?rest_route=\/wp\/v2\/types\/page"}],"author":[{"embeddable":true,"href":"https:\/\/www.vas-vtp.fi\/sv\/fi\/index.php?rest_route=\/wp\/v2\/users\/2"}],"replies":[{"embeddable":true,"href":"https:\/\/www.vas-vtp.fi\/sv\/fi\/index.php?rest_route=%2Fwp%2Fv2%2Fcomments&post=46"}],"version-history":[{"count":20,"href":"https:\/\/www.vas-vtp.fi\/sv\/fi\/index.php?rest_route=\/wp\/v2\/pages\/46\/revisions"}],"predecessor-version":[{"id":722,"href":"https:\/\/www.vas-vtp.fi\/sv\/fi\/index.php?rest_route=\/wp\/v2\/pages\/46\/revisions\/722"}],"wp:attachment":[{"href":"https:\/\/www.vas-vtp.fi\/sv\/fi\/index.php?rest_route=%2Fwp%2Fv2%2Fmedia&parent=46"}],"curies":[{"name":"wp","href":"https:\/\/api.w.org\/{rel}","templated":true}]}}