{"id":71,"date":"2014-03-10T08:25:00","date_gmt":"2014-03-10T06:25:00","guid":{"rendered":"http:\/\/www.vas-vtp.fi\/sv\/fi\/?page_id=71"},"modified":"2023-02-04T13:03:33","modified_gmt":"2023-02-04T11:03:33","slug":"palosaaren-salmi","status":"publish","type":"page","link":"https:\/\/www.vas-vtp.fi\/sv\/fi\/?page_id=71","title":{"rendered":"Palosaaren salmi"},"content":{"rendered":"<p>Seuralla on palosaaren salmessa venepaikkoja sek\u00e4 majan kupeessa, ett\u00e4 Mansikkasaaressa salmen toisella puolella.<\/p>\n<p>Majan edess\u00e4 on my\u00f6s mastonosturi.<\/p>\n<p>Venevajan p\u00e4\u00e4dyss\u00e4 on yksityisyritt\u00e4j\u00e4n pit\u00e4m\u00e4 polttoaineasema.<\/p>\n<p>Majan etel\u00e4puolella on kaupungin alue veneiden talvis\u00e4ilytyst\u00e4 varten.<\/p>\n\n\n<p><img loading=\"lazy\" decoding=\"async\" width=\"900\" height=\"654\" class=\"wp-image-641\" style=\"width: 900px;\" src=\"https:\/\/www.vas-vtp.fi\/sv\/fi\/files\/2023\/02\/Venepaikat_salmi.jpg\" alt=\"\" srcset=\"https:\/\/www.vas-vtp.fi\/sv\/fi\/files\/2023\/02\/Venepaikat_salmi.jpg 894w, https:\/\/www.vas-vtp.fi\/sv\/fi\/files\/2023\/02\/Venepaikat_salmi-300x218.jpg 300w, https:\/\/www.vas-vtp.fi\/sv\/fi\/files\/2023\/02\/Venepaikat_salmi-768x558.jpg 768w, https:\/\/www.vas-vtp.fi\/sv\/fi\/files\/2023\/02\/Venepaikat_salmi-624x454.jpg 624w\" sizes=\"auto, (max-width: 900px) 100vw, 900px\" \/><\/p>\n","protected":false},"excerpt":{"rendered":"<p>Seuralla on palosaaren salmessa venepaikkoja sek\u00e4 majan kupeessa, ett\u00e4 Mansikkasaaressa salmen toisella puolella. Majan edess\u00e4 on my\u00f6s mastonosturi. Venevajan p\u00e4\u00e4dyss\u00e4 on yksityisyritt\u00e4j\u00e4n pit\u00e4m\u00e4 polttoaineasema. Majan etel\u00e4puolella on kaupungin alue veneiden talvis\u00e4ilytyst\u00e4 varten.<\/p>\n","protected":false},"author":2,"featured_media":0,"parent":0,"menu_order":0,"comment_status":"closed","ping_status":"closed","template":"","meta":{"footnotes":""},"class_list":["post-71","page","type-page","status-publish","hentry"],"_links":{"self":[{"href":"https:\/\/www.vas-vtp.fi\/sv\/fi\/index.php?rest_route=\/wp\/v2\/pages\/71","targetHints":{"allow":["GET"]}}],"collection":[{"href":"https:\/\/www.vas-vtp.fi\/sv\/fi\/index.php?rest_route=\/wp\/v2\/pages"}],"about":[{"href":"https:\/\/www.vas-vtp.fi\/sv\/fi\/index.php?rest_route=\/wp\/v2\/types\/page"}],"author":[{"embeddable":true,"href":"https:\/\/www.vas-vtp.fi\/sv\/fi\/index.php?rest_route=\/wp\/v2\/users\/2"}],"replies":[{"embeddable":true,"href":"https:\/\/www.vas-vtp.fi\/sv\/fi\/index.php?rest_route=%2Fwp%2Fv2%2Fcomments&post=71"}],"version-history":[{"count":5,"href":"https:\/\/www.vas-vtp.fi\/sv\/fi\/index.php?rest_route=\/wp\/v2\/pages\/71\/revisions"}],"predecessor-version":[{"id":643,"href":"https:\/\/www.vas-vtp.fi\/sv\/fi\/index.php?rest_route=\/wp\/v2\/pages\/71\/revisions\/643"}],"wp:attachment":[{"href":"https:\/\/www.vas-vtp.fi\/sv\/fi\/index.php?rest_route=%2Fwp%2Fv2%2Fmedia&parent=71"}],"curies":[{"name":"wp","href":"https:\/\/api.w.org\/{rel}","templated":true}]}}