{"id":74,"date":"2014-03-10T08:30:52","date_gmt":"2014-03-10T06:30:52","guid":{"rendered":"http:\/\/www.vas-vtp.fi\/sv\/fi\/?page_id=74"},"modified":"2023-02-04T13:04:42","modified_gmt":"2023-02-04T11:04:42","slug":"pikisaari","status":"publish","type":"page","link":"https:\/\/www.vas-vtp.fi\/sv\/fi\/?page_id=74","title":{"rendered":"Pikisaari"},"content":{"rendered":"<p>Pikisaaressa on suurempien veneiden venepaikkoja. Pohjoiseen p\u00e4in on rakennettu laituri joka samalla toimii aallonmurtajana.<\/p>\n<p>Pikisaari toimii my\u00f6s tuomaripaikkana niiss\u00e4 keskiviikkopurjehduksissa jotka ovat VAS-VTP:n j\u00e4rjest\u00e4mi\u00e4. Keskiviikkopurjehdukset j\u00e4rjestet\u00e4\u00e4n yhdess\u00e4 Vaasan muiden purjehdusseurojen kanssa. Ne toimivat my\u00f6s Vaasan mestaruuskilpailuina.<\/p>\n\n\n<p><img loading=\"lazy\" decoding=\"async\" width=\"900\" height=\"647\" class=\"wp-image-642\" style=\"width: 900px;\" src=\"https:\/\/www.vas-vtp.fi\/sv\/fi\/files\/2023\/02\/Venepaikat_pikisaari.jpg\" alt=\"\" srcset=\"https:\/\/www.vas-vtp.fi\/sv\/fi\/files\/2023\/02\/Venepaikat_pikisaari.jpg 894w, https:\/\/www.vas-vtp.fi\/sv\/fi\/files\/2023\/02\/Venepaikat_pikisaari-300x216.jpg 300w, https:\/\/www.vas-vtp.fi\/sv\/fi\/files\/2023\/02\/Venepaikat_pikisaari-768x552.jpg 768w, https:\/\/www.vas-vtp.fi\/sv\/fi\/files\/2023\/02\/Venepaikat_pikisaari-624x449.jpg 624w\" sizes=\"auto, (max-width: 900px) 100vw, 900px\" \/><\/p>\n","protected":false},"excerpt":{"rendered":"<p>Pikisaaressa on suurempien veneiden venepaikkoja. Pohjoiseen p\u00e4in on rakennettu laituri joka samalla toimii aallonmurtajana. Pikisaari toimii my\u00f6s tuomaripaikkana niiss\u00e4 keskiviikkopurjehduksissa jotka ovat VAS-VTP:n j\u00e4rjest\u00e4mi\u00e4. Keskiviikkopurjehdukset j\u00e4rjestet\u00e4\u00e4n yhdess\u00e4 Vaasan muiden purjehdusseurojen kanssa. Ne toimivat my\u00f6s Vaasan mestaruuskilpailuina.<\/p>\n","protected":false},"author":2,"featured_media":0,"parent":0,"menu_order":0,"comment_status":"closed","ping_status":"closed","template":"","meta":{"footnotes":""},"class_list":["post-74","page","type-page","status-publish","hentry"],"_links":{"self":[{"href":"https:\/\/www.vas-vtp.fi\/sv\/fi\/index.php?rest_route=\/wp\/v2\/pages\/74","targetHints":{"allow":["GET"]}}],"collection":[{"href":"https:\/\/www.vas-vtp.fi\/sv\/fi\/index.php?rest_route=\/wp\/v2\/pages"}],"about":[{"href":"https:\/\/www.vas-vtp.fi\/sv\/fi\/index.php?rest_route=\/wp\/v2\/types\/page"}],"author":[{"embeddable":true,"href":"https:\/\/www.vas-vtp.fi\/sv\/fi\/index.php?rest_route=\/wp\/v2\/users\/2"}],"replies":[{"embeddable":true,"href":"https:\/\/www.vas-vtp.fi\/sv\/fi\/index.php?rest_route=%2Fwp%2Fv2%2Fcomments&post=74"}],"version-history":[{"count":5,"href":"https:\/\/www.vas-vtp.fi\/sv\/fi\/index.php?rest_route=\/wp\/v2\/pages\/74\/revisions"}],"predecessor-version":[{"id":644,"href":"https:\/\/www.vas-vtp.fi\/sv\/fi\/index.php?rest_route=\/wp\/v2\/pages\/74\/revisions\/644"}],"wp:attachment":[{"href":"https:\/\/www.vas-vtp.fi\/sv\/fi\/index.php?rest_route=%2Fwp%2Fv2%2Fmedia&parent=74"}],"curies":[{"name":"wp","href":"https:\/\/api.w.org\/{rel}","templated":true}]}}