{"id":8,"date":"2014-03-07T14:02:38","date_gmt":"2014-03-07T12:02:38","guid":{"rendered":"http:\/\/www.vas-vtp.fi\/sv\/fi\/?page_id=8"},"modified":"2014-03-10T22:25:39","modified_gmt":"2014-03-10T20:25:39","slug":"alku","status":"publish","type":"page","link":"https:\/\/www.vas-vtp.fi\/sv\/fi\/","title":{"rendered":"Seurasta"},"content":{"rendered":"<p>Vasa Arbetares Segels\u00e4llskap \u2013 Vaasan Ty\u00f6v\u00e4en Purjehdusseura r.f. sai alkunsa v. 1912 silloisessa Folkets hus:ssa Vuorikatu 11.\u00a0 Vaasan saariston Bosk\u00e4rill\u00e4 oli keskeinen asema alun toiminnassa. Tammikuun 25. 1914 p\u00e4\u00e4tettiin yleisess\u00e4 kokouksessa perustaa purjehdusseura ja valittiin v\u00e4liaikaishallitus. Ruotsin- ja suomenkielet tulisi olla tasavertaisessa asemassa. Faktori B. Blomqvist valittiin seuran ensimm\u00e4iseksi kommodoriksi.<\/p>\n<p>Seura sai odottaa omaa paviljonkiaan vuoteen 1948 asti kun saatiin ostaa kauppias Lars Hartmanilta edullisesti kaksi makasiinia Palosaaren salmesta. Toinen makasiini muutettiin paviljongiksi, toinen venevajaksi.<\/p>\n","protected":false},"excerpt":{"rendered":"<p>Vasa Arbetares Segels\u00e4llskap \u2013 Vaasan Ty\u00f6v\u00e4en Purjehdusseura r.f. sai alkunsa v. 1912 silloisessa Folkets hus:ssa Vuorikatu 11.\u00a0 Vaasan saariston Bosk\u00e4rill\u00e4 oli keskeinen asema alun toiminnassa. Tammikuun 25. 1914 p\u00e4\u00e4tettiin yleisess\u00e4 kokouksessa perustaa purjehdusseura ja valittiin v\u00e4liaikaishallitus. Ruotsin- ja suomenkielet tulisi olla tasavertaisessa asemassa. Faktori B. Blomqvist valittiin seuran ensimm\u00e4iseksi kommodoriksi. Seura sai odottaa omaa paviljonkiaan [&hellip;]<\/p>\n","protected":false},"author":1,"featured_media":0,"parent":0,"menu_order":0,"comment_status":"closed","ping_status":"closed","template":"","meta":{"footnotes":""},"class_list":["post-8","page","type-page","status-publish","hentry"],"_links":{"self":[{"href":"https:\/\/www.vas-vtp.fi\/sv\/fi\/index.php?rest_route=\/wp\/v2\/pages\/8","targetHints":{"allow":["GET"]}}],"collection":[{"href":"https:\/\/www.vas-vtp.fi\/sv\/fi\/index.php?rest_route=\/wp\/v2\/pages"}],"about":[{"href":"https:\/\/www.vas-vtp.fi\/sv\/fi\/index.php?rest_route=\/wp\/v2\/types\/page"}],"author":[{"embeddable":true,"href":"https:\/\/www.vas-vtp.fi\/sv\/fi\/index.php?rest_route=\/wp\/v2\/users\/1"}],"replies":[{"embeddable":true,"href":"https:\/\/www.vas-vtp.fi\/sv\/fi\/index.php?rest_route=%2Fwp%2Fv2%2Fcomments&post=8"}],"version-history":[{"count":7,"href":"https:\/\/www.vas-vtp.fi\/sv\/fi\/index.php?rest_route=\/wp\/v2\/pages\/8\/revisions"}],"predecessor-version":[{"id":111,"href":"https:\/\/www.vas-vtp.fi\/sv\/fi\/index.php?rest_route=\/wp\/v2\/pages\/8\/revisions\/111"}],"wp:attachment":[{"href":"https:\/\/www.vas-vtp.fi\/sv\/fi\/index.php?rest_route=%2Fwp%2Fv2%2Fmedia&parent=8"}],"curies":[{"name":"wp","href":"https:\/\/api.w.org\/{rel}","templated":true}]}}