{"id":84,"date":"2014-03-10T08:42:17","date_gmt":"2014-03-10T06:42:17","guid":{"rendered":"http:\/\/www.vas-vtp.fi\/sv\/fi\/?page_id=84"},"modified":"2026-01-17T13:02:05","modified_gmt":"2026-01-17T11:02:05","slug":"muistiluettelo-2014","status":"publish","type":"page","link":"https:\/\/www.vas-vtp.fi\/sv\/fi\/?page_id=84","title":{"rendered":"Tapahtumia 2026"},"content":{"rendered":"\n<figure class=\"wp-block-table\"><table class=\"has-fixed-layout\"><tbody><tr><td>1.2 &#8211; 15.5<\/td><td>Kev\u00e4tkokous*)<\/td><\/tr><tr><td>1.5<\/td><td>Lipunnosto<\/td><\/tr><tr><td>1.5 &#8211; 30.6<\/td><td>Veneiden katsastus<\/td><\/tr><tr><td>2 -15.5<\/td><td>Veneiden lasku I **)<\/td><\/tr><tr><td>16 &#8211; 31.5<\/td><td>Veneiden lasku II **)<\/td><\/tr><tr><td><\/td><td>R\u00f6nnsk\u00e4rin talkoot *)<\/td><\/tr><tr><td>15 &#8211; 31.9<\/td><td>Veneiden nosto I **)<\/td><\/tr><tr><td>1 &#8211; 15.10<\/td><td>Veneiden nosto II **)<\/td><\/tr><tr><td>15.10<\/td><td>Lipunlasku<\/td><\/tr><tr><td>15.10 &#8211; 15.12<\/td><td>Syyskokous *)<\/td><\/tr><tr><td><\/td><td>*) Ajankohta t\u00e4smennet\u00e4\u00e4n seuran verkkosivuilla<\/td><\/tr><tr><td><\/td><td>**) Ajankohdasta sovitaan WhatsApp-ryhm\u00e4ss\u00e4<\/td><\/tr><\/tbody><\/table><\/figure>\n\n\n\n<p><\/p>\n","protected":false},"excerpt":{"rendered":"<p>1.2 &#8211; 15.5 Kev\u00e4tkokous*) 1.5 Lipunnosto 1.5 &#8211; 30.6 Veneiden katsastus 2 -15.5 Veneiden lasku I **) 16 &#8211; 31.5 Veneiden lasku II **) R\u00f6nnsk\u00e4rin talkoot *) 15 &#8211; 31.9 Veneiden nosto I **) 1 &#8211; 15.10 Veneiden nosto II **) 15.10 Lipunlasku 15.10 &#8211; 15.12 Syyskokous *) *) Ajankohta t\u00e4smennet\u00e4\u00e4n seuran verkkosivuilla **) Ajankohdasta [&hellip;]<\/p>\n","protected":false},"author":2,"featured_media":0,"parent":0,"menu_order":0,"comment_status":"closed","ping_status":"closed","template":"","meta":{"footnotes":""},"class_list":["post-84","page","type-page","status-publish","hentry"],"_links":{"self":[{"href":"https:\/\/www.vas-vtp.fi\/sv\/fi\/index.php?rest_route=\/wp\/v2\/pages\/84","targetHints":{"allow":["GET"]}}],"collection":[{"href":"https:\/\/www.vas-vtp.fi\/sv\/fi\/index.php?rest_route=\/wp\/v2\/pages"}],"about":[{"href":"https:\/\/www.vas-vtp.fi\/sv\/fi\/index.php?rest_route=\/wp\/v2\/types\/page"}],"author":[{"embeddable":true,"href":"https:\/\/www.vas-vtp.fi\/sv\/fi\/index.php?rest_route=\/wp\/v2\/users\/2"}],"replies":[{"embeddable":true,"href":"https:\/\/www.vas-vtp.fi\/sv\/fi\/index.php?rest_route=%2Fwp%2Fv2%2Fcomments&post=84"}],"version-history":[{"count":15,"href":"https:\/\/www.vas-vtp.fi\/sv\/fi\/index.php?rest_route=\/wp\/v2\/pages\/84\/revisions"}],"predecessor-version":[{"id":733,"href":"https:\/\/www.vas-vtp.fi\/sv\/fi\/index.php?rest_route=\/wp\/v2\/pages\/84\/revisions\/733"}],"wp:attachment":[{"href":"https:\/\/www.vas-vtp.fi\/sv\/fi\/index.php?rest_route=%2Fwp%2Fv2%2Fmedia&parent=84"}],"curies":[{"name":"wp","href":"https:\/\/api.w.org\/{rel}","templated":true}]}}