{"id":88,"date":"2014-03-10T08:42:53","date_gmt":"2014-03-10T06:42:53","guid":{"rendered":"http:\/\/www.vas-vtp.fi\/sv\/fi\/?page_id=88"},"modified":"2025-02-11T18:12:52","modified_gmt":"2025-02-11T16:12:52","slug":"ronnskarin-retkisatama","status":"publish","type":"page","link":"https:\/\/www.vas-vtp.fi\/sv\/fi\/?page_id=88","title":{"rendered":"R\u00f6nnsk\u00e4rin retkisatama"},"content":{"rendered":"<p>Seura vuokraa saunarakennuksen ja majoitushuoneen Mets\u00e4hallitukselta. Majoitushuone on yhteinen Vaasan Moottorivenekerhon kanssa. Tilat ovat j\u00e4senten vaapaasti k\u00e4ytett\u00e4viss\u00e4. Majoitushuoneen avaimen voi lainata Bjarne Sj\u00f6bergilt\u00e4, saunarakennuksen avain s\u00e4ilytet\u00e4\u00e4n majoitushuoneessa.<\/p>\n<p><a title=\"Lue lis\u00e4\u00e4\" href=\"http:\/\/www.luontoon.fi\/ronnskarluontoasema\" target=\"_blank\" rel=\"noopener\">Lue lis\u00e4\u00e4 Mets\u00e4hallituksen R\u00f6nnsk\u00e4r-sivulta.<\/a><\/p>\n","protected":false},"excerpt":{"rendered":"<p>Seura vuokraa saunarakennuksen ja majoitushuoneen Mets\u00e4hallitukselta. Majoitushuone on yhteinen Vaasan Moottorivenekerhon kanssa. Tilat ovat j\u00e4senten vaapaasti k\u00e4ytett\u00e4viss\u00e4. Majoitushuoneen avaimen voi lainata Bjarne Sj\u00f6bergilt\u00e4, saunarakennuksen avain s\u00e4ilytet\u00e4\u00e4n majoitushuoneessa. Lue lis\u00e4\u00e4 Mets\u00e4hallituksen R\u00f6nnsk\u00e4r-sivulta.<\/p>\n","protected":false},"author":2,"featured_media":0,"parent":0,"menu_order":0,"comment_status":"closed","ping_status":"closed","template":"","meta":{"footnotes":""},"class_list":["post-88","page","type-page","status-publish","hentry"],"_links":{"self":[{"href":"https:\/\/www.vas-vtp.fi\/sv\/fi\/index.php?rest_route=\/wp\/v2\/pages\/88","targetHints":{"allow":["GET"]}}],"collection":[{"href":"https:\/\/www.vas-vtp.fi\/sv\/fi\/index.php?rest_route=\/wp\/v2\/pages"}],"about":[{"href":"https:\/\/www.vas-vtp.fi\/sv\/fi\/index.php?rest_route=\/wp\/v2\/types\/page"}],"author":[{"embeddable":true,"href":"https:\/\/www.vas-vtp.fi\/sv\/fi\/index.php?rest_route=\/wp\/v2\/users\/2"}],"replies":[{"embeddable":true,"href":"https:\/\/www.vas-vtp.fi\/sv\/fi\/index.php?rest_route=%2Fwp%2Fv2%2Fcomments&post=88"}],"version-history":[{"count":8,"href":"https:\/\/www.vas-vtp.fi\/sv\/fi\/index.php?rest_route=\/wp\/v2\/pages\/88\/revisions"}],"predecessor-version":[{"id":699,"href":"https:\/\/www.vas-vtp.fi\/sv\/fi\/index.php?rest_route=\/wp\/v2\/pages\/88\/revisions\/699"}],"wp:attachment":[{"href":"https:\/\/www.vas-vtp.fi\/sv\/fi\/index.php?rest_route=%2Fwp%2Fv2%2Fmedia&parent=88"}],"curies":[{"name":"wp","href":"https:\/\/api.w.org\/{rel}","templated":true}]}}