{"id":90,"date":"2014-03-10T08:43:18","date_gmt":"2014-03-10T06:43:18","guid":{"rendered":"http:\/\/www.vas-vtp.fi\/sv\/fi\/?page_id=90"},"modified":"2014-04-15T12:38:54","modified_gmt":"2014-04-15T09:38:54","slug":"veneiden-katsastus","status":"publish","type":"page","link":"https:\/\/www.vas-vtp.fi\/sv\/fi\/?page_id=90","title":{"rendered":"Veneiden katsastus"},"content":{"rendered":"<p>Veneiden katsastus suoritetaan 30.6 asti. Katsastuksesta on sovittava katsatusmiesten kanssa. Runkokatsastus viiden vuoden v\u00e4lein, varustekatsastus joka vuosi. Runkokatsastus tehd\u00e4\u00e4n veneen maissa ollessa, varusteet katsastetaan vesillelaskun j\u00e4lkeen. K\u00e4sisammuttimet on katsastettava vuosittain. Pienin sallittu k\u00e4sisammuttimien teholuokka veneiss\u00e4 on 8A 68B.<\/p>\n","protected":false},"excerpt":{"rendered":"<p>Veneiden katsastus suoritetaan 30.6 asti. Katsastuksesta on sovittava katsatusmiesten kanssa. Runkokatsastus viiden vuoden v\u00e4lein, varustekatsastus joka vuosi. Runkokatsastus tehd\u00e4\u00e4n veneen maissa ollessa, varusteet katsastetaan vesillelaskun j\u00e4lkeen. K\u00e4sisammuttimet on katsastettava vuosittain. Pienin sallittu k\u00e4sisammuttimien teholuokka veneiss\u00e4 on 8A 68B.<\/p>\n","protected":false},"author":2,"featured_media":0,"parent":0,"menu_order":0,"comment_status":"closed","ping_status":"closed","template":"","meta":{"footnotes":""},"class_list":["post-90","page","type-page","status-publish","hentry"],"_links":{"self":[{"href":"https:\/\/www.vas-vtp.fi\/sv\/fi\/index.php?rest_route=\/wp\/v2\/pages\/90","targetHints":{"allow":["GET"]}}],"collection":[{"href":"https:\/\/www.vas-vtp.fi\/sv\/fi\/index.php?rest_route=\/wp\/v2\/pages"}],"about":[{"href":"https:\/\/www.vas-vtp.fi\/sv\/fi\/index.php?rest_route=\/wp\/v2\/types\/page"}],"author":[{"embeddable":true,"href":"https:\/\/www.vas-vtp.fi\/sv\/fi\/index.php?rest_route=\/wp\/v2\/users\/2"}],"replies":[{"embeddable":true,"href":"https:\/\/www.vas-vtp.fi\/sv\/fi\/index.php?rest_route=%2Fwp%2Fv2%2Fcomments&post=90"}],"version-history":[{"count":9,"href":"https:\/\/www.vas-vtp.fi\/sv\/fi\/index.php?rest_route=\/wp\/v2\/pages\/90\/revisions"}],"predecessor-version":[{"id":176,"href":"https:\/\/www.vas-vtp.fi\/sv\/fi\/index.php?rest_route=\/wp\/v2\/pages\/90\/revisions\/176"}],"wp:attachment":[{"href":"https:\/\/www.vas-vtp.fi\/sv\/fi\/index.php?rest_route=%2Fwp%2Fv2%2Fmedia&parent=90"}],"curies":[{"name":"wp","href":"https:\/\/api.w.org\/{rel}","templated":true}]}}