{"id":103,"date":"2014-03-10T22:35:03","date_gmt":"2014-03-10T20:35:03","guid":{"rendered":"http:\/\/www.vas-vtp.fi\/sv\/?page_id=103"},"modified":"2015-02-24T18:44:53","modified_gmt":"2015-02-24T16:44:53","slug":"foreningens-stadgar","status":"publish","type":"page","link":"https:\/\/www.vas-vtp.fi\/sv\/?page_id=103","title":{"rendered":"F\u00f6reningens stadgar"},"content":{"rendered":"<p>F\u00f6reningens nya stadgar har behandlats av en arbetsgrupp och godk\u00e4nts av \u00e5rsm\u00f6tet 19.2.2015. Det \u00e5terst\u00e5r \u00e4nnu att f\u00e5 dom godk\u00e4nda av Patent- och registerstyrelsen.<\/p>\n","protected":false},"excerpt":{"rendered":"<p>F\u00f6reningens nya stadgar har behandlats av en arbetsgrupp och godk\u00e4nts av \u00e5rsm\u00f6tet 19.2.2015. Det \u00e5terst\u00e5r \u00e4nnu att f\u00e5 dom godk\u00e4nda av Patent- och registerstyrelsen.<\/p>\n","protected":false},"author":1,"featured_media":0,"parent":0,"menu_order":0,"comment_status":"closed","ping_status":"closed","template":"","meta":{"footnotes":""},"class_list":["post-103","page","type-page","status-publish","hentry"],"_links":{"self":[{"href":"https:\/\/www.vas-vtp.fi\/sv\/index.php?rest_route=\/wp\/v2\/pages\/103","targetHints":{"allow":["GET"]}}],"collection":[{"href":"https:\/\/www.vas-vtp.fi\/sv\/index.php?rest_route=\/wp\/v2\/pages"}],"about":[{"href":"https:\/\/www.vas-vtp.fi\/sv\/index.php?rest_route=\/wp\/v2\/types\/page"}],"author":[{"embeddable":true,"href":"https:\/\/www.vas-vtp.fi\/sv\/index.php?rest_route=\/wp\/v2\/users\/1"}],"replies":[{"embeddable":true,"href":"https:\/\/www.vas-vtp.fi\/sv\/index.php?rest_route=%2Fwp%2Fv2%2Fcomments&post=103"}],"version-history":[{"count":3,"href":"https:\/\/www.vas-vtp.fi\/sv\/index.php?rest_route=\/wp\/v2\/pages\/103\/revisions"}],"predecessor-version":[{"id":188,"href":"https:\/\/www.vas-vtp.fi\/sv\/index.php?rest_route=\/wp\/v2\/pages\/103\/revisions\/188"}],"wp:attachment":[{"href":"https:\/\/www.vas-vtp.fi\/sv\/index.php?rest_route=%2Fwp%2Fv2%2Fmedia&parent=103"}],"curies":[{"name":"wp","href":"https:\/\/api.w.org\/{rel}","templated":true}]}}