{"id":31,"date":"2014-03-08T17:09:04","date_gmt":"2014-03-08T17:09:04","guid":{"rendered":"http:\/\/www.vas-vtp.fi\/sv\/?page_id=31"},"modified":"2026-01-17T12:14:41","modified_gmt":"2026-01-17T10:14:41","slug":"styrelsen","status":"publish","type":"page","link":"https:\/\/www.vas-vtp.fi\/sv\/?page_id=31","title":{"rendered":"Styrelsen 2026"},"content":{"rendered":"\n<figure class=\"wp-block-table\"><table class=\"has-fixed-layout\"><tbody><tr><td>Kommodor<\/td><td>Pertti P\u00f6rsti<\/td><td>0400 283 015<\/td><\/tr><tr><td>Vicekommodor<\/td><td>Eino Lahti<\/td><td>0500 292 472<\/td><\/tr><tr><td>Sekreterare<\/td><td>Tiina Salonen<\/td><td>040 835 2689<\/td><\/tr><tr><td>Kass\u00f6r<\/td><td>Pekka Muurim\u00e4ki<\/td><td>040 528 7537<\/td><\/tr><tr><td>Medlemmar<\/td><td>Jan G\u00e4ddn\u00e4s<br>Antti Kalliola<br>Antti Lehtim\u00e4ki<br>Markku Rappe<br>Tore Regnell<br>Julio Serrano<\/td><td>050 581 2929<br>044 525 6910<br>045 888 0145<br>050 550 8226<br>0400 590 999<br>044 959 8615<\/td><\/tr><\/tbody><\/table><\/figure>\n\n\n\n<p><\/p>\n","protected":false},"excerpt":{"rendered":"<p>Kommodor Pertti P\u00f6rsti 0400 283 015 Vicekommodor Eino Lahti 0500 292 472 Sekreterare Tiina Salonen 040 835 2689 Kass\u00f6r Pekka Muurim\u00e4ki 040 528 7537 Medlemmar Jan G\u00e4ddn\u00e4sAntti KalliolaAntti Lehtim\u00e4kiMarkku RappeTore RegnellJulio Serrano 050 581 2929044 525 6910045 888 0145050 550 82260400 590 999044 959 8615<\/p>\n","protected":false},"author":1,"featured_media":0,"parent":0,"menu_order":0,"comment_status":"closed","ping_status":"closed","template":"","meta":{"footnotes":""},"class_list":["post-31","page","type-page","status-publish","hentry"],"_links":{"self":[{"href":"https:\/\/www.vas-vtp.fi\/sv\/index.php?rest_route=\/wp\/v2\/pages\/31","targetHints":{"allow":["GET"]}}],"collection":[{"href":"https:\/\/www.vas-vtp.fi\/sv\/index.php?rest_route=\/wp\/v2\/pages"}],"about":[{"href":"https:\/\/www.vas-vtp.fi\/sv\/index.php?rest_route=\/wp\/v2\/types\/page"}],"author":[{"embeddable":true,"href":"https:\/\/www.vas-vtp.fi\/sv\/index.php?rest_route=\/wp\/v2\/users\/1"}],"replies":[{"embeddable":true,"href":"https:\/\/www.vas-vtp.fi\/sv\/index.php?rest_route=%2Fwp%2Fv2%2Fcomments&post=31"}],"version-history":[{"count":21,"href":"https:\/\/www.vas-vtp.fi\/sv\/index.php?rest_route=\/wp\/v2\/pages\/31\/revisions"}],"predecessor-version":[{"id":812,"href":"https:\/\/www.vas-vtp.fi\/sv\/index.php?rest_route=\/wp\/v2\/pages\/31\/revisions\/812"}],"wp:attachment":[{"href":"https:\/\/www.vas-vtp.fi\/sv\/index.php?rest_route=%2Fwp%2Fv2%2Fmedia&parent=31"}],"curies":[{"name":"wp","href":"https:\/\/api.w.org\/{rel}","templated":true}]}}