{"id":34,"date":"2014-03-08T17:17:02","date_gmt":"2014-03-08T17:17:02","guid":{"rendered":"http:\/\/www.vas-vtp.fi\/sv\/?page_id=34"},"modified":"2026-01-16T15:17:16","modified_gmt":"2026-01-16T13:17:16","slug":"ovriga-funtionarer","status":"publish","type":"page","link":"https:\/\/www.vas-vtp.fi\/sv\/?page_id=34","title":{"rendered":"\u00d6vriga funktion\u00e4rer"},"content":{"rendered":"\n<figure class=\"wp-block-table\"><table class=\"has-fixed-layout\"><tbody><tr><td>B\u00e5t- och vinterf\u00f6rvaringsplatser<\/td><td>Pertti P\u00f6rsti<\/td><td>0400 238 015<\/td><\/tr><tr><td>Majam\u00e4stare<\/td><td>Bjarne Sj\u00f6berg<\/td><td>050 585 2347<\/td><\/tr><tr><td>Besiktningsm\u00e4n<\/td><td>Jan G\u00e4ddn\u00e4s<br>Eino Lahti<\/td><td>050 581 2929<br>050 029 2472<\/td><\/tr><tr><td>T\u00e4vlingskommitten<\/td><td>B\u00f6rje Harju<br>Tiina Salonen<br>Markku Rappe<\/td><td>0400 260 355<br>040 835 2689<br>050 550 8226<\/td><\/tr><tr><td>Webbansvarig<\/td><td>B\u00f6rje Harju<\/td><td>0400 260 355<\/td><\/tr><\/tbody><\/table><\/figure>\n","protected":false},"excerpt":{"rendered":"<p>B\u00e5t- och vinterf\u00f6rvaringsplatser Pertti P\u00f6rsti 0400 238 015 Majam\u00e4stare Bjarne Sj\u00f6berg 050 585 2347 Besiktningsm\u00e4n Jan G\u00e4ddn\u00e4sEino Lahti 050 581 2929050 029 2472 T\u00e4vlingskommitten B\u00f6rje HarjuTiina SalonenMarkku Rappe 0400 260 355040 835 2689050 550 8226 Webbansvarig B\u00f6rje Harju 0400 260 355<\/p>\n","protected":false},"author":1,"featured_media":0,"parent":0,"menu_order":0,"comment_status":"closed","ping_status":"closed","template":"","meta":{"footnotes":""},"class_list":["post-34","page","type-page","status-publish","hentry"],"_links":{"self":[{"href":"https:\/\/www.vas-vtp.fi\/sv\/index.php?rest_route=\/wp\/v2\/pages\/34","targetHints":{"allow":["GET"]}}],"collection":[{"href":"https:\/\/www.vas-vtp.fi\/sv\/index.php?rest_route=\/wp\/v2\/pages"}],"about":[{"href":"https:\/\/www.vas-vtp.fi\/sv\/index.php?rest_route=\/wp\/v2\/types\/page"}],"author":[{"embeddable":true,"href":"https:\/\/www.vas-vtp.fi\/sv\/index.php?rest_route=\/wp\/v2\/users\/1"}],"replies":[{"embeddable":true,"href":"https:\/\/www.vas-vtp.fi\/sv\/index.php?rest_route=%2Fwp%2Fv2%2Fcomments&post=34"}],"version-history":[{"count":41,"href":"https:\/\/www.vas-vtp.fi\/sv\/index.php?rest_route=\/wp\/v2\/pages\/34\/revisions"}],"predecessor-version":[{"id":808,"href":"https:\/\/www.vas-vtp.fi\/sv\/index.php?rest_route=\/wp\/v2\/pages\/34\/revisions\/808"}],"wp:attachment":[{"href":"https:\/\/www.vas-vtp.fi\/sv\/index.php?rest_route=%2Fwp%2Fv2%2Fmedia&parent=34"}],"curies":[{"name":"wp","href":"https:\/\/api.w.org\/{rel}","templated":true}]}}