{"id":6,"date":"2014-03-07T10:23:50","date_gmt":"2014-03-07T10:23:50","guid":{"rendered":"http:\/\/www.vas-vtp.fi\/sv\/?page_id=6"},"modified":"2014-03-07T12:14:35","modified_gmt":"2014-03-07T12:14:35","slug":"start","status":"publish","type":"page","link":"https:\/\/www.vas-vtp.fi\/sv\/","title":{"rendered":""},"content":{"rendered":"<p>Vasa Arbetares Segels\u00e4llskap \u2013 Vaasan Ty\u00f6v\u00e4en Purjehdusseura r.f. fick sin b\u00f6rjan 1912 p\u00e5 d\u00e5varande Folkets hus, Berggatan 11.\u00a0 Bosk\u00e4r i Vasa sk\u00e4rg\u00e5rd var centralt med i verksamheten i b\u00f6rjan. Den 25 januari 1914 besl\u00f6ts p\u00e5 ett allm\u00e4nt m\u00f6te att bilda ett segels\u00e4llskap och en interimsstyrelse valdes. Svenska och finska spr\u00e5ken skulle vara j\u00e4mnst\u00e4llda. Faktor B. Blomqvist valdes till s\u00e4llskapets f\u00f6rsta kommodor.<\/p>\n<p>S\u00e4llskapet fick v\u00e4nta p\u00e5 en egen paviljong \u00e4nda till 1948 d\u00e5 man av k\u00f6pman Lars Hartman p\u00e5 f\u00f6rm\u00e5nliga villkor fick k\u00f6pa tvenne magasin vid Br\u00e4nd\u00f6 sund. Det ena magasinet \u00e4ndrades till paviljong och det andra anv\u00e4ndes till b\u00e5thus.<\/p>\n","protected":false},"excerpt":{"rendered":"<p>Vasa Arbetares Segels\u00e4llskap \u2013 Vaasan Ty\u00f6v\u00e4en Purjehdusseura r.f. fick sin b\u00f6rjan 1912 p\u00e5 d\u00e5varande Folkets hus, Berggatan 11.\u00a0 Bosk\u00e4r i Vasa sk\u00e4rg\u00e5rd var centralt med i verksamheten i b\u00f6rjan. Den 25 januari 1914 besl\u00f6ts p\u00e5 ett allm\u00e4nt m\u00f6te att bilda ett segels\u00e4llskap och en interimsstyrelse valdes. Svenska och finska spr\u00e5ken skulle vara j\u00e4mnst\u00e4llda. Faktor B. [&hellip;]<\/p>\n","protected":false},"author":1,"featured_media":0,"parent":0,"menu_order":0,"comment_status":"closed","ping_status":"closed","template":"","meta":{"footnotes":""},"class_list":["post-6","page","type-page","status-publish","hentry"],"_links":{"self":[{"href":"https:\/\/www.vas-vtp.fi\/sv\/index.php?rest_route=\/wp\/v2\/pages\/6","targetHints":{"allow":["GET"]}}],"collection":[{"href":"https:\/\/www.vas-vtp.fi\/sv\/index.php?rest_route=\/wp\/v2\/pages"}],"about":[{"href":"https:\/\/www.vas-vtp.fi\/sv\/index.php?rest_route=\/wp\/v2\/types\/page"}],"author":[{"embeddable":true,"href":"https:\/\/www.vas-vtp.fi\/sv\/index.php?rest_route=\/wp\/v2\/users\/1"}],"replies":[{"embeddable":true,"href":"https:\/\/www.vas-vtp.fi\/sv\/index.php?rest_route=%2Fwp%2Fv2%2Fcomments&post=6"}],"version-history":[{"count":4,"href":"https:\/\/www.vas-vtp.fi\/sv\/index.php?rest_route=\/wp\/v2\/pages\/6\/revisions"}],"predecessor-version":[{"id":648,"href":"https:\/\/www.vas-vtp.fi\/sv\/index.php?rest_route=\/wp\/v2\/pages\/6\/revisions\/648"}],"wp:attachment":[{"href":"https:\/\/www.vas-vtp.fi\/sv\/index.php?rest_route=%2Fwp%2Fv2%2Fmedia&parent=6"}],"curies":[{"name":"wp","href":"https:\/\/api.w.org\/{rel}","templated":true}]}}