{"id":61,"date":"2014-03-09T11:09:29","date_gmt":"2014-03-09T11:09:29","guid":{"rendered":"http:\/\/www.vas-vtp.fi\/sv\/?page_id=61"},"modified":"2023-02-04T12:50:04","modified_gmt":"2023-02-04T10:50:04","slug":"brando-sund","status":"publish","type":"page","link":"https:\/\/www.vas-vtp.fi\/sv\/?page_id=61","title":{"rendered":"Br\u00e4nd\u00f6 sund"},"content":{"rendered":"<p>I Br\u00e4nd\u00f6 sund har f\u00f6reningen b\u00e5tplatser b\u00e5de nedanf\u00f6r klubbhuset och p\u00e5 motsatta sidan p\u00e5 Smulter\u00f6.<\/p>\n<p>En mastkran finns ocks\u00e5 nedanf\u00f6r klubbhuset.<\/p>\n<p>I \u00e4ndan p\u00e5 b\u00e5thuset har en f\u00f6retagare en br\u00e4nslestation f\u00f6r b\u00e5tar.<\/p>\n<p>S\u00f6derom klubbhuset finns stadens omr\u00e5de f\u00f6r vinterf\u00f6rvaring av b\u00e5tar.<\/p>\n\n\n<p><img loading=\"lazy\" decoding=\"async\" width=\"918\" height=\"667\" class=\"wp-image-715\" style=\"width: 918px;\" src=\"https:\/\/www.vas-vtp.fi\/sv\/wp-content\/uploads\/2023\/02\/Venepaikat_salmi.jpg\" alt=\"\" srcset=\"https:\/\/www.vas-vtp.fi\/sv\/wp-content\/uploads\/2023\/02\/Venepaikat_salmi.jpg 894w, https:\/\/www.vas-vtp.fi\/sv\/wp-content\/uploads\/2023\/02\/Venepaikat_salmi-300x218.jpg 300w, https:\/\/www.vas-vtp.fi\/sv\/wp-content\/uploads\/2023\/02\/Venepaikat_salmi-768x558.jpg 768w, https:\/\/www.vas-vtp.fi\/sv\/wp-content\/uploads\/2023\/02\/Venepaikat_salmi-624x454.jpg 624w\" sizes=\"auto, (max-width: 918px) 100vw, 918px\" \/><\/p>\n","protected":false},"excerpt":{"rendered":"<p>I Br\u00e4nd\u00f6 sund har f\u00f6reningen b\u00e5tplatser b\u00e5de nedanf\u00f6r klubbhuset och p\u00e5 motsatta sidan p\u00e5 Smulter\u00f6. En mastkran finns ocks\u00e5 nedanf\u00f6r klubbhuset. I \u00e4ndan p\u00e5 b\u00e5thuset har en f\u00f6retagare en br\u00e4nslestation f\u00f6r b\u00e5tar. S\u00f6derom klubbhuset finns stadens omr\u00e5de f\u00f6r vinterf\u00f6rvaring av b\u00e5tar.<\/p>\n","protected":false},"author":1,"featured_media":0,"parent":0,"menu_order":0,"comment_status":"closed","ping_status":"closed","template":"","meta":{"footnotes":""},"class_list":["post-61","page","type-page","status-publish","hentry"],"_links":{"self":[{"href":"https:\/\/www.vas-vtp.fi\/sv\/index.php?rest_route=\/wp\/v2\/pages\/61","targetHints":{"allow":["GET"]}}],"collection":[{"href":"https:\/\/www.vas-vtp.fi\/sv\/index.php?rest_route=\/wp\/v2\/pages"}],"about":[{"href":"https:\/\/www.vas-vtp.fi\/sv\/index.php?rest_route=\/wp\/v2\/types\/page"}],"author":[{"embeddable":true,"href":"https:\/\/www.vas-vtp.fi\/sv\/index.php?rest_route=\/wp\/v2\/users\/1"}],"replies":[{"embeddable":true,"href":"https:\/\/www.vas-vtp.fi\/sv\/index.php?rest_route=%2Fwp%2Fv2%2Fcomments&post=61"}],"version-history":[{"count":4,"href":"https:\/\/www.vas-vtp.fi\/sv\/index.php?rest_route=\/wp\/v2\/pages\/61\/revisions"}],"predecessor-version":[{"id":720,"href":"https:\/\/www.vas-vtp.fi\/sv\/index.php?rest_route=\/wp\/v2\/pages\/61\/revisions\/720"}],"wp:attachment":[{"href":"https:\/\/www.vas-vtp.fi\/sv\/index.php?rest_route=%2Fwp%2Fv2%2Fmedia&parent=61"}],"curies":[{"name":"wp","href":"https:\/\/api.w.org\/{rel}","templated":true}]}}