{"id":71,"date":"2014-03-09T11:25:57","date_gmt":"2014-03-09T11:25:57","guid":{"rendered":"http:\/\/www.vas-vtp.fi\/sv\/?page_id=71"},"modified":"2014-04-15T12:37:34","modified_gmt":"2014-04-15T09:37:34","slug":"besiktning-av-batar","status":"publish","type":"page","link":"https:\/\/www.vas-vtp.fi\/sv\/?page_id=71","title":{"rendered":"Besiktning av b\u00e5tar"},"content":{"rendered":"<p>B\u00e5tar besiktigas fram till 30.6 enligt \u00f6verenskommelse med besiktningsm\u00e4nnen. Skrovbesiktning vart femte \u00e5r, besiktning av utrustning varje \u00e5r. Skrovbesiktning g\u00f6rs n\u00e4r b\u00e5ten \u00e4r p\u00e5 land, utrustningen besiktas n\u00e4r b\u00e5ten \u00e4r sj\u00f6satt. Handbrandsl\u00e4ckare skall granskas varje \u00e5r. Minsta till\u00e5tna effektklass f\u00f6r handbrandsl\u00e4ckare i b\u00e5tar \u00e4r 8A 68B.<\/p>\n","protected":false},"excerpt":{"rendered":"<p>B\u00e5tar besiktigas fram till 30.6 enligt \u00f6verenskommelse med besiktningsm\u00e4nnen. Skrovbesiktning vart femte \u00e5r, besiktning av utrustning varje \u00e5r. Skrovbesiktning g\u00f6rs n\u00e4r b\u00e5ten \u00e4r p\u00e5 land, utrustningen besiktas n\u00e4r b\u00e5ten \u00e4r sj\u00f6satt. Handbrandsl\u00e4ckare skall granskas varje \u00e5r. Minsta till\u00e5tna effektklass f\u00f6r handbrandsl\u00e4ckare i b\u00e5tar \u00e4r 8A 68B.<\/p>\n","protected":false},"author":1,"featured_media":0,"parent":0,"menu_order":0,"comment_status":"closed","ping_status":"closed","template":"","meta":{"footnotes":""},"class_list":["post-71","page","type-page","status-publish","hentry"],"_links":{"self":[{"href":"https:\/\/www.vas-vtp.fi\/sv\/index.php?rest_route=\/wp\/v2\/pages\/71","targetHints":{"allow":["GET"]}}],"collection":[{"href":"https:\/\/www.vas-vtp.fi\/sv\/index.php?rest_route=\/wp\/v2\/pages"}],"about":[{"href":"https:\/\/www.vas-vtp.fi\/sv\/index.php?rest_route=\/wp\/v2\/types\/page"}],"author":[{"embeddable":true,"href":"https:\/\/www.vas-vtp.fi\/sv\/index.php?rest_route=\/wp\/v2\/users\/1"}],"replies":[{"embeddable":true,"href":"https:\/\/www.vas-vtp.fi\/sv\/index.php?rest_route=%2Fwp%2Fv2%2Fcomments&post=71"}],"version-history":[{"count":9,"href":"https:\/\/www.vas-vtp.fi\/sv\/index.php?rest_route=\/wp\/v2\/pages\/71\/revisions"}],"predecessor-version":[{"id":162,"href":"https:\/\/www.vas-vtp.fi\/sv\/index.php?rest_route=\/wp\/v2\/pages\/71\/revisions\/162"}],"wp:attachment":[{"href":"https:\/\/www.vas-vtp.fi\/sv\/index.php?rest_route=%2Fwp%2Fv2%2Fmedia&parent=71"}],"curies":[{"name":"wp","href":"https:\/\/api.w.org\/{rel}","templated":true}]}}